{"id":13,"date":"2019-10-22T13:17:57","date_gmt":"2019-10-22T11:17:57","guid":{"rendered":"https:\/\/bdsm-download.de\/?page_id=13"},"modified":"2024-03-27T15:01:55","modified_gmt":"2024-03-27T14:01:55","slug":"agb","status":"publish","type":"page","link":"https:\/\/bdsm-download.de\/?page_id=13","title":{"rendered":"AGB"},"content":{"rendered":"<p><strong>Allgemeine Gesch\u00e4ftsbedingungen<\/strong><br \/>\n<br \/>&nbsp;<\/br><br \/>\n<strong>Grundlegendes<\/strong><\/p>\n<p>1.<br \/>\nGesch\u00e4ftsbedingungen<\/p>\n<p>Die aufgef\u00fchrten Gesch\u00e4ftsbedingungen gelten f\u00fcr alle Vertr\u00e4ge, die auf der Internetpr\u00e4senz <a href=\"https:\/\/www.bdsm-download.de\" rel=\"noopener noreferrer\" target=\"_blank\">www.bdsm-download.de <\/a> geschlossen werden, soweit nicht anders vereinbart. Bei eventuellen L\u00fccken greift deutsches Recht.<\/p>\n<p>2.<br \/>\nVertragsangebot<\/p>\n<p>Das Angebot dieser Internetpr\u00e4senz richtet sich an Verbraucher, darunter versteht man nat\u00fcrliche Personen, die Rechtsgesch\u00e4fte aus privaten Gr\u00fcnden abschlie\u00dfen, die im Normalfall weder in ihrem Arbeitsverh\u00e4ltnis noch in einer evtl.<br \/>\nvorhandenen Selbst\u00e4ndigkeit begr\u00fcndet sind.<\/p>\n<p>3.<br \/>\nAlter des Verbrauchers\/K\u00e4ufers<br \/>\nUnser Angebot richtet sich ausschlie\u00dflich an K\u00e4ufer, bzw. Verbraucher, die nach dem Recht des Landes, in dem sie leben, vollj\u00e4hrig sind. Mit Abschluss des Vertrages best\u00e4tigt der K\u00e4ufer mindestens 18 Jahre alt zu sein.<\/p>\n<p>4.<br \/>\nVertragsgegenstand<\/p>\n<p>Es handelt sich um digitale Waren, die per Download ausgeliefert werden, es erfolgt keinerlei Lieferung auf Datentr\u00e4gern jeglicher Art.<\/p>\n<p>5.<br \/>\nVertragsabschluss<\/p>\n<p>Mit der Einstellung des jeweiligen Download-Produktes erfolgt ein Vertragsangebot, dessen Eigenschaften aus der Artikelbeschreibung zu entnehmen sind. Der Abschluss des Kaufvertrages erfolgt durch Kauf des Artikels.<\/p>\n<p>6.<br \/>\nKaufvorgang<\/p>\n<p>Die zum Kauf vorgesehenen Artikel werden vom K\u00e4ufer in den Warenkorb gelegt, dieser Warenkorb und sein vollst\u00e4ndiger Inhalt ist durch einen Button von jeder Domainseite aus erreichbar und jederzeit einseh- und \u00e4nderbar. Der Vertrag kommt erst durch Abschluss des Kaufes zustande. Zum Kauf wird die Kassenseite aufgerufen, dort gibt der K\u00e4ufer pers\u00f6nliche Daten ein, sowie Zahlungsbedingungen. Danach wird zum Abschluss des Kaufvertrages die Bestell\u00fcbersicht aufgerufen, dort sind die zu bestellenden Artikel, die pers\u00f6nlichen Daten und die Zahlungsart aufgef\u00fchrt. Artikel und pers\u00f6nliche Daten sind jederzeit \u00e4nderbar.<\/p>\n<p>7.<br \/>\nZahlungsvorgang<\/p>\n<p>Die Zahlungen in diesem Shop erfolgen \u00fcber das Zahlsystem <a href=\"https:\/\/www.klarna.com\/sofort\/\" rel=\"noopener noreferrer\" target=\"_blank\">Sofort<\/a>, dort sind die Daten einzugeben und die Zahlungsart zu w\u00e4hlen. Dort wird der Kauf durchgef\u00fchrt, Zahlungsdaten werden an uns nicht \u00fcbermittelt. Es ist zu jedem Zeitpunkt die M\u00f6glichkeit gegeben, den Kauf abzubrechen (zum Beispiel durch Schlie\u00dfen des Browserfensters).  <\/p>\n<p>8.<br \/>\nAbschluss des Kaufvorgangs<\/p>\n<p>Der Kauf kommt mit Anklicken des Buttons &#8222;Kaufen&#8220; beim Abwicklungsdienst der Zahlung <a href=\"https:\/\/www.klarna.com\/sofort\/\" rel=\"noopener noreferrer\" target=\"_blank\">Sofort<\/a> verbindlich zustande. Danach wird der K\u00e4ufer zur\u00fcck auf die Internetpr\u00e4senz <a href=\"https:\/\/www.bdsm-download.de\" rel=\"noopener noreferrer\" target=\"_blank\">www.bdsm-download.de <\/a> geleitet, wo der Download des Produktes angeboten wird. Dieser Download ist insgesamt dreimal m\u00f6glich, eine zeitliche Einschr\u00e4nkung erfolgt nicht.<\/p>\n<p>9.<br \/>\nZahlungsdaten<\/p>\n<p>Alle Zahlungsdaten (z.B. Kreditkartennummern oder Kontonummern) werden ausschlie\u00dflich bei sofort.com gespeichert, Die Shopbetreiber haben weder Zugriff darauf, noch speichern sie Daten dieser Art, da diese Daten ausschlie\u00dflich und direkt an das Abrechnungsunternehmen \u00fcbertragen werden.<\/p>\n<p>10.<br \/>\nPers\u00f6nliche Daten<\/p>\n<p>Personenbezogene Daten werden nur im Rahmen des Kaufs gespeichert, sie werden absolut vertraulich behandelt und zu keinem anderen Zweck genutzt.<\/p>\n<p>11.<br \/>\nWeiterleitung von pers\u00f6nlichen Daten<\/p>\n<p>Eine Weiterleitung der pers\u00f6nlichen Daten an Dritte jeglicher Art erfolgt nur mit ausdr\u00fccklicher Zustimmung des K\u00e4ufers.<\/p>\n<p>12.<br \/>\nHinweis Datenschutz im Internet<\/p>\n<p>Vorsorglich und ausdr\u00fccklich weisen wir daraufhin, dass es sich beim Internet um ein sogenanntes offenes Netz handelt, bei dem ein 100% Schutz aller Daten alleine aufgrund des momentanen Entwicklungsstandes der Technik nie gew\u00e4hrleistet sein kann.<\/p>\n<p>13.<br \/>\nBestellabwicklung und Informationen zum Bestellvorgang<\/p>\n<p>Die gesamte Bestellabwicklung und alle Daten im Zusammenhang mit dem Vertragsabschluss und dem Download werden automatisiert per E-Mail versandt. Der K\u00e4ufer hat den korrekten Empfang von E-Mails sicherzustellen. Dabei ist insbesondere auf Spamfilter zu achten.<\/p>\n<p>14.<br \/>\nNutzung der erworbenen Produkte<\/p>\n<p>Alle auf <a href=\"https:\/\/www.bdsm-download.de\" rel=\"noopener noreferrer\" target=\"_blank\">www.bdsm-download.de <\/a> erworbenen Produkte unterliegen dem Urheberrecht und sind gesch\u00fctzt. Es wird mit dem Kauf lediglich eine private, einfache Nutzungslizenz erteilt. Sollte es sich im Einzelfall anders verhalten, ist es bei der jeweiligen Produktinformation vermerkt.<\/p>\n<p>Die einfache Nutzungslizenz erlaubt eine Kopie der Datei auf den eigenen Computer, bzw.  auf das Smartphone, Tablet, etc. zu speichern, dar\u00fcber hinaus darf die Datei (wenn sinnvoll) ausgedruckt werden.<br \/>\nAusdr\u00fccklich verboten sind weitere Kopien, die Ver\u00e4nderung, bzw. Bearbeitung der Produkte und das zur Verf\u00fcgung stellen machen f\u00fcr Dritte jeglicher Art, egal ob aus privaten oder kommerziellen Gr\u00fcnden, auch in Ausz\u00fcgen und Teilen der Datei.<\/p>\n<p>15.<br \/>\nZur\u00fcckbehaltungsrecht<\/p>\n<p>Jegliches Zur\u00fcckbehaltungsrecht ist nur bei Forderungen aus demselben Vertragsverh\u00e4ltnis aus\u00fcbbar.<\/p>\n<p>16.<br \/>\nGeltendes Recht und Rechtswahl<\/p>\n<p>Es gilt deutsches Recht. Diese Rechtswahl gilt bei Verbrauchern nur, soweit hierdurch das G\u00fcnstigkeitsprinzip nicht entzogen wird (der gew\u00f6hnliche Aufenthalt des Verbrauchers und die zwingenden Bestimmungen des staatlichen, dortigen Rechtes zum Verbraucherschutz).<\/p>\n<p>17.<br \/>\nUN-Kaufrecht<\/p>\n<p>Das UN-Kaufrecht kommt nicht zur Anwendung.<br \/>\n<br \/>&nbsp;<\/br><br \/>\n<strong>Kundeninformationen<\/strong><\/p>\n<p>1.<br \/>\nVerk\u00e4uferidentit\u00e4t<\/p>\n<p>Daniela Delorme<br \/>\nHauptstr. 28<br \/>\n15806 Zossen<\/p>\n<p>Mail: <a href=\"mailto:service@agentur-delorme.de\" >service@agentur-delorme.de<\/a><\/p>\n<p>USt. ID: DE 201 808 673<\/p>\n<p>Telefonkontakt: 0900 555 636 6700<br \/>\n(0,48 \u20ac\/Min. Festnetz, ggf. andere Preise Mobilfunk)<\/p>\n<p>Rechtliche Vertretung:<br \/>\ndie anw\u00e4lte \/ Roland Bischoff<br \/>\nSchillerstra\u00dfe 16<br \/>\n73033 G\u00f6ppingen<\/p>\n<p>2.<br \/>\nJugendschutz<\/p>\n<p>Unser Jugendschutzbeauftragter (gem\u00e4\u00df \u00a7 7 JMStV):<br \/>\n<a href=\"mailto:Jugendschutz@anyway-com.de\/\">Per Mail<\/a><\/p>\n<p>3.<br \/>\nAlternative Streitbeilegung, bzw. Schlichtung<\/p>\n<p>Die EU-Kommission stellt eine Plattform zur<br \/>\nOnline-Streitbeilegung (OS-Plattform) zur Verf\u00fcgung,<br \/>\ndie unter <a href=\"https:\/\/ec.europa.eu\/consumers\/odr\/\" rel=\"noopener noreferrer\" target=\"_blank\">Plattform zur Streitbeilegung<\/a><br \/>\naufgerufen werden kann.<\/p>\n<p>4.<br \/>\nZustandekommen des Vertrages<\/p>\n<p>Der Vertrag wird wie oben im Teil Grundlegendes beschrieben, geschlossen. Der Abschluss des Vertrages und die M\u00f6glichkeiten der Korrektur vor Vertragsabschluss sind dort definiert.<\/p>\n<p>5.<br \/>\nVertragssprache<\/p>\n<p>Vertragssprache ist deutsch. Mit Abschluss eines Vertrages best\u00e4tigt der K\u00e4ufer, der deutschen Sprache insoweit m\u00e4chtig zu sein, dass ihm der Vertragsinhalt in allen Punkten klar ist.<\/p>\n<p>6.<br \/>\nSpeicherung des Vertragstextes<\/p>\n<p>Der K\u00e4ufer hat die M\u00f6glichkeit den Vertragstext vor der Durchf\u00fchrung der Bestellung vollst\u00e4ndig auszudrucken, bzw. elektronisch zu sichern. S\u00e4mtliche Bestelldaten, allgemeine Gesch\u00e4ftsbedingungen und gesetzlich vorgeschriebene Informationen bei Fernabsatzvertr\u00e4gen werden dem K\u00e4ufer nach der Durchf\u00fchrung des Vertrages per E-Mail \u00fcbersandt.<\/p>\n<p>7.<br \/>\nWare, bzw. Dienstleistung (wesentliche Merkmale)<\/p>\n<p>Die wesentlichen Merkmale jeder Ware, bzw. Dienstleistung ist im jeweiligen Produktangebot beschrieben.<br \/>\n<br \/>&nbsp;<\/br><br \/>\n<strong>Preise &#038; Modalit\u00e4ten der Zahlung<\/strong><\/p>\n<p>1.<br \/>\nGesamtpreis<\/p>\n<p>Der Gesamtpreis ist dem jeweiligen Produktangebot zu entnehmen, es sind alle anfallenden Steuern und Bestandteile des Preises im Gesamtpreis enthalten. Lediglich ggf. anfallende Versandkosten kommen zum Gesamtpreis dazu, auch diese werden beim jeweiligen Produktangebot, soweit vorhanden, beziffert.<\/p>\n<p>2.<br \/>\nVersandkosten<\/p>\n<p>Die Produkte werden grunds\u00e4tzlich per Download geliefert, es fallen keine Versandkosten an. Ausnahmen werden im jeweiligen Produktangebot beziffert.<\/p>\n<p>3.<br \/>\nKosten bei Vertr\u00e4gen &#038; Zahlungen mit K\u00e4ufern aus anderen L\u00e4ndern<\/p>\n<p>Bei Lieferung in L\u00e4nder au\u00dferhalb der Europ\u00e4ischen Union k\u00f6nnen weitere Kosten anfallen, die von uns nicht zu vertreten sind (Beispielsweise Steuern, Z\u00f6lle, Geld\u00fcbermittlungsgeb\u00fchren, Wechselkurs- oder \u00dcberweisungsgeb\u00fchren von Kreditinstituten), diese sind vom K\u00e4ufer zu tragen. Bei einer Lieferung in einen EU-Mitgliedsstaat mit einer Zahlung au\u00dferhalb der EU gilt das Gleiche.<\/p>\n<p>4.<br \/>\nZahlungsarten<\/p>\n<p>Die zur Verf\u00fcgung stehenden Zahlungsarten sind unter der Schaltfl\u00e4che <a href=\"https:\/\/bdsm-download.de\/?page_id=16\" rel=\"noopener noreferrer\" target=\"_blank\">Zahlungsarten<\/a> ausgewiesen und jederzeit einsehbar.<\/p>\n<p>5.<br \/>\nZahlungsfrist<\/p>\n<p>Au\u00dfer bei einer expliziten anderen Angabe bei dem jeweiligen Produkt sind die Zahlungsanspr\u00fcche sofort nach Vertragsabschluss f\u00e4llig.<br \/>\n<br \/>&nbsp;<\/br><br \/>\n<strong>Lieferbedingungen<\/strong><\/p>\n<p>1.<br \/>\nBedingungen, Termin und evtl. bestehende Lieferbeschr\u00e4nkungen sind beim jeweiligen Produkt in der Produktbeschreibung angegeben.<br \/>\n<br \/>&nbsp;<\/br><br \/>\n<strong>Gesetzkonformes M\u00e4ngelhaftungsrecht<\/strong><\/p>\n<p>1.<br \/>\nEs greifen die gesetzlichen M\u00e4ngelhaftungsrechte.<\/p>\n<p>2.<br \/>\nDie M\u00e4ngelhaftung greift nur dann, wenn der Mangel im Produkt liegt, technische fehlende oder nicht funktionierende M\u00f6glichkeiten des K\u00e4ufers f\u00fchren nicht zu einer M\u00e4ngelhaftung.<br \/>\n<br \/>&nbsp;<\/br><br \/>\n<strong>Widerrufsrecht<\/strong><\/p>\n<p>1.<br \/>\nDas Widerrufsrecht f\u00fcr K\u00e4ufer <\/p>\n<p>Der K\u00e4ufer hat 14 Tage das Recht vom den Vertrag zu widerrufen. <\/p>\n<p>2.<br \/>\nFolgen des Widerrufs<\/p>\n<p>Alle Kosten aus dem geschlossenen Vertrag sind dem K\u00e4ufer innerhalb von 14 Tagen, nach Eingang des Widerrufs, zu erstatten.<\/p>\n<p>F\u00fcr die Erstattung wird das gleiche Zahlungsmittel genutzt, das auch zum Vertragsabschluss genutzt wurde.<\/p>\n<p>3.<br \/>\nErl\u00f6schen des Widerrufsrecht f\u00fcr digitale Produkte<\/p>\n<p>Der K\u00e4ufer stimmt ausdr\u00fccklich zu, dass vor Ablauf der Widerrufsfrist mit der Ausf\u00fchrung des Vertrags begonnen wird. Ihm ist bekannt, dass mit Beginn der Ausf\u00fchrung sein Widerrufsrecht erlischt.<\/p>\n<p>4.<br \/>\nErl\u00f6schen des Widerrufs f\u00fcr Dienstleistungen<\/p>\n<p>Der K\u00e4ufer verlangt ausdr\u00fccklich und stimmt gleichzeitig zu, dass mit der in Auftrag gegebenen Dienstleistung vor Ablauf der Widerrufsfrist begonnen werden soll. Ihm ist bekannt, dass sein Widerrufsrecht bei vollst\u00e4ndiger Erf\u00fcllung des Vertrages erlischt.<\/p>\n<p>5.<br \/>\nWiderrufs-Formular (Muster)<\/p>\n<p>(Zum Widerruf des Vertrages einfach dieses Formular ausgef\u00fcllt an uns zur\u00fccksenden.)<\/p>\n<p>&#8211; An Daniela Delorme, Hauptstr. 28, 15806 Zossen oder E-Mail-Adresse: service@agentur-delorme.de:<\/p>\n<p>&#8211; Ich\/ wir (K\u00e4ufer-Name einf\u00fcgen, mit dem bestellt wurde) widerrufe den von mir abgeschlossenen Vertrag \u00fcber den Kauf der folgenden Waren (Produktname des bestelltes Artikels)\/ die Erbringung der folgenden Dienstleistung (Produktname des bestellten Artikels)<\/p>\n<p>&#8211; Bestellt am (Datum der Bestellung einf\u00fcgen)<\/p>\n<p>&#8211; K\u00e4ufer-Name<br \/>\n&#8211; K\u00e4ufer-Anschrift<br \/>\n&#8211; K\u00e4ufer-Unterschrift (nicht bei E-Mails)<br \/>\n&#8211; Datum<\/p>\n","protected":false},"excerpt":{"rendered":"<p>Allgemeine Gesch\u00e4ftsbedingungen &nbsp; Grundlegendes 1. Gesch\u00e4ftsbedingungen Die aufgef\u00fchrten Gesch\u00e4ftsbedingungen gelten f\u00fcr alle Vertr\u00e4ge, die auf der Internetpr\u00e4senz www.bdsm-download.de geschlossen werden, soweit nicht anders vereinbart. Bei eventuellen L\u00fccken greift deutsches Recht. 2. Vertragsangebot Das Angebot dieser Internetpr\u00e4senz richtet sich an Verbraucher, darunter versteht man nat\u00fcrliche Personen, die Rechtsgesch\u00e4fte aus privaten Gr\u00fcnden abschlie\u00dfen, die im Normalfall weder &hellip; <a href=\"https:\/\/bdsm-download.de\/?page_id=13\" class=\"more-link\"><span class=\"screen-reader-text\">AGB<\/span> weiterlesen <span class=\"meta-nav\">&rarr;<\/span><\/a><\/p>\n","protected":false},"author":1,"featured_media":0,"parent":0,"menu_order":0,"comment_status":"closed","ping_status":"closed","template":"","meta":{"footnotes":""},"class_list":["post-13","page","type-page","status-publish","hentry"],"aioseo_notices":[],"_links":{"self":[{"href":"https:\/\/bdsm-download.de\/index.php?rest_route=\/wp\/v2\/pages\/13","targetHints":{"allow":["GET"]}}],"collection":[{"href":"https:\/\/bdsm-download.de\/index.php?rest_route=\/wp\/v2\/pages"}],"about":[{"href":"https:\/\/bdsm-download.de\/index.php?rest_route=\/wp\/v2\/types\/page"}],"author":[{"embeddable":true,"href":"https:\/\/bdsm-download.de\/index.php?rest_route=\/wp\/v2\/users\/1"}],"replies":[{"embeddable":true,"href":"https:\/\/bdsm-download.de\/index.php?rest_route=%2Fwp%2Fv2%2Fcomments&post=13"}],"version-history":[{"count":10,"href":"https:\/\/bdsm-download.de\/index.php?rest_route=\/wp\/v2\/pages\/13\/revisions"}],"predecessor-version":[{"id":999,"href":"https:\/\/bdsm-download.de\/index.php?rest_route=\/wp\/v2\/pages\/13\/revisions\/999"}],"wp:attachment":[{"href":"https:\/\/bdsm-download.de\/index.php?rest_route=%2Fwp%2Fv2%2Fmedia&parent=13"}],"curies":[{"name":"wp","href":"https:\/\/api.w.org\/{rel}","templated":true}]}}