{"id":17,"date":"2019-12-10T12:16:58","date_gmt":"2019-12-10T11:16:58","guid":{"rendered":"https:\/\/bdsm-download.de\/?post_type=product&#038;p=17"},"modified":"2020-02-20T15:40:03","modified_gmt":"2020-02-20T14:40:03","slug":"blackmail-sklave-lady-dekadenz-hoerbuch","status":"publish","type":"product","link":"https:\/\/bdsm-download.de\/?product=blackmail-sklave-lady-dekadenz-hoerbuch","title":{"rendered":"Blackmail-Sklave &#8211; Lady Dekadenz (H\u00f6rbuch)"},"content":{"rendered":"<p>Das Thema Blackmail scheint Sklaven sehr zu faszinieren.<\/p>\n<p>&#8222;Als Du meine Homepage www.blackmail-vertrag.de das erste Mal gesehen hast, hast Du den Kopf gesch\u00fcttelt. Du hast dar\u00fcber gelacht, wer k\u00f6nnte so dumm sein, einen solchen Vertrag abzuschlie\u00dfen? <br \/>\nDas Internet bringt schon bizarre und abstruse Dinge hervor, &#8230;&#8220;<\/p>\n<p>Es handelt sich um eine mp3-Datei zum Download.<\/p>\n<p>Dauer ca. 21 Minuten<\/p>\n","protected":false},"excerpt":{"rendered":"<p>Blackmail-Sklave &#8211; Lady Dekadenz (H\u00f6rbuch)<\/p>\n","protected":false},"featured_media":194,"template":"","meta":[],"product_cat":[32,34],"product_tag":[],"class_list":{"0":"post-17","1":"product","2":"type-product","3":"status-publish","4":"has-post-thumbnail","6":"product_cat-hoerbuecher-bdsm","7":"product_cat-lady-dekadenz","10":"first","11":"instock","12":"downloadable","13":"taxable","14":"shipping-taxable","15":"purchasable","16":"product-type-simple"},"aioseo_notices":[],"_links":{"self":[{"href":"https:\/\/bdsm-download.de\/index.php?rest_route=\/wp\/v2\/product\/17","targetHints":{"allow":["GET"]}}],"collection":[{"href":"https:\/\/bdsm-download.de\/index.php?rest_route=\/wp\/v2\/product"}],"about":[{"href":"https:\/\/bdsm-download.de\/index.php?rest_route=\/wp\/v2\/types\/product"}],"wp:featuredmedia":[{"embeddable":true,"href":"https:\/\/bdsm-download.de\/index.php?rest_route=\/wp\/v2\/media\/194"}],"wp:attachment":[{"href":"https:\/\/bdsm-download.de\/index.php?rest_route=%2Fwp%2Fv2%2Fmedia&parent=17"}],"wp:term":[{"taxonomy":"product_cat","embeddable":true,"href":"https:\/\/bdsm-download.de\/index.php?rest_route=%2Fwp%2Fv2%2Fproduct_cat&post=17"},{"taxonomy":"product_tag","embeddable":true,"href":"https:\/\/bdsm-download.de\/index.php?rest_route=%2Fwp%2Fv2%2Fproduct_tag&post=17"}],"curies":[{"name":"wp","href":"https:\/\/api.w.org\/{rel}","templated":true}]}}