{"id":172,"date":"2019-12-10T12:10:33","date_gmt":"2019-12-10T11:10:33","guid":{"rendered":"https:\/\/bdsm-download.de\/?post_type=product&#038;p=172"},"modified":"2020-02-20T15:40:21","modified_gmt":"2020-02-20T14:40:21","slug":"das-verhoer-lady-dekadenz","status":"publish","type":"product","link":"https:\/\/bdsm-download.de\/?product=das-verhoer-lady-dekadenz","title":{"rendered":"Das Verh\u00f6r &#8211; Lady Dekadenz  (H\u00f6rbuch)"},"content":{"rendered":"<p>In diesem H\u00f6rbuch erz\u00e4hlt Lady Dekadenz, wie sie einen Sklaven verh\u00f6rt.<\/p>\n<p>Es handelt sich um eine mp3-Datei zum Download.<\/p>\n<p>Dauer ca. 17 Minuten<\/p>\n","protected":false},"excerpt":{"rendered":"<p>Das Verh\u00f6r &#8211; Lady Dekadenz  (H\u00f6rbuch)<\/p>\n","protected":false},"featured_media":188,"template":"","meta":[],"product_cat":[32,34],"product_tag":[],"class_list":{"0":"post-172","1":"product","2":"type-product","3":"status-publish","4":"has-post-thumbnail","6":"product_cat-hoerbuecher-bdsm","7":"product_cat-lady-dekadenz","10":"first","11":"instock","12":"downloadable","13":"taxable","14":"shipping-taxable","15":"purchasable","16":"product-type-simple"},"aioseo_notices":[],"_links":{"self":[{"href":"https:\/\/bdsm-download.de\/index.php?rest_route=\/wp\/v2\/product\/172","targetHints":{"allow":["GET"]}}],"collection":[{"href":"https:\/\/bdsm-download.de\/index.php?rest_route=\/wp\/v2\/product"}],"about":[{"href":"https:\/\/bdsm-download.de\/index.php?rest_route=\/wp\/v2\/types\/product"}],"wp:featuredmedia":[{"embeddable":true,"href":"https:\/\/bdsm-download.de\/index.php?rest_route=\/wp\/v2\/media\/188"}],"wp:attachment":[{"href":"https:\/\/bdsm-download.de\/index.php?rest_route=%2Fwp%2Fv2%2Fmedia&parent=172"}],"wp:term":[{"taxonomy":"product_cat","embeddable":true,"href":"https:\/\/bdsm-download.de\/index.php?rest_route=%2Fwp%2Fv2%2Fproduct_cat&post=172"},{"taxonomy":"product_tag","embeddable":true,"href":"https:\/\/bdsm-download.de\/index.php?rest_route=%2Fwp%2Fv2%2Fproduct_tag&post=172"}],"curies":[{"name":"wp","href":"https:\/\/api.w.org\/{rel}","templated":true}]}}