{"id":226,"date":"2019-12-10T12:38:54","date_gmt":"2019-12-10T11:38:54","guid":{"rendered":"https:\/\/bdsm-download.de\/?post_type=product&#038;p=226"},"modified":"2024-06-20T10:49:54","modified_gmt":"2024-06-20T08:49:54","slug":"sklavenbeduerfnisse-lady-dekadenz-hoerbuch","status":"publish","type":"product","link":"https:\/\/bdsm-download.de\/?product=sklavenbeduerfnisse-lady-dekadenz-hoerbuch","title":{"rendered":"Sklaven-Bed\u00fcrfnisse &#8211; Lady Dekadenz (H\u00f6rbuch)"},"content":{"rendered":"<p>Lady Dekadenz berichtet \u00fcber Sklavenbed\u00fcrfnisse, Sklavenirrt\u00fcmer, dar\u00fcber welchen Fantasien Sklaven nachh\u00e4ngen, und was sie denken erwarten zu k\u00f6nnen.<\/p>\n<p>Es handelt sich um eine mp3-Datei zum Download.<\/p>\n<p>Dauer ca. 15,4 Minuten<\/p>\n","protected":false},"excerpt":{"rendered":"<p>Sklavenbed\u00fcrfnisse &#8211; Lady Dekadenz (H\u00f6rbuch)<\/p>\n","protected":false},"featured_media":195,"template":"","meta":[],"product_cat":[32,34],"product_tag":[],"class_list":{"0":"post-226","1":"product","2":"type-product","3":"status-publish","4":"has-post-thumbnail","6":"product_cat-hoerbuecher-bdsm","7":"product_cat-lady-dekadenz","10":"first","11":"instock","12":"downloadable","13":"taxable","14":"shipping-taxable","15":"purchasable","16":"product-type-simple"},"aioseo_notices":[],"_links":{"self":[{"href":"https:\/\/bdsm-download.de\/index.php?rest_route=\/wp\/v2\/product\/226","targetHints":{"allow":["GET"]}}],"collection":[{"href":"https:\/\/bdsm-download.de\/index.php?rest_route=\/wp\/v2\/product"}],"about":[{"href":"https:\/\/bdsm-download.de\/index.php?rest_route=\/wp\/v2\/types\/product"}],"wp:featuredmedia":[{"embeddable":true,"href":"https:\/\/bdsm-download.de\/index.php?rest_route=\/wp\/v2\/media\/195"}],"wp:attachment":[{"href":"https:\/\/bdsm-download.de\/index.php?rest_route=%2Fwp%2Fv2%2Fmedia&parent=226"}],"wp:term":[{"taxonomy":"product_cat","embeddable":true,"href":"https:\/\/bdsm-download.de\/index.php?rest_route=%2Fwp%2Fv2%2Fproduct_cat&post=226"},{"taxonomy":"product_tag","embeddable":true,"href":"https:\/\/bdsm-download.de\/index.php?rest_route=%2Fwp%2Fv2%2Fproduct_tag&post=226"}],"curies":[{"name":"wp","href":"https:\/\/api.w.org\/{rel}","templated":true}]}}