{"id":227,"date":"2019-12-10T13:09:03","date_gmt":"2019-12-10T12:09:03","guid":{"rendered":"https:\/\/bdsm-download.de\/?post_type=product&#038;p=227"},"modified":"2024-06-20T10:49:54","modified_gmt":"2024-06-20T08:49:54","slug":"onanierbefehl-fuer-sklaven-lady-dekadenz-hoerbuch","status":"publish","type":"product","link":"https:\/\/bdsm-download.de\/?product=onanierbefehl-fuer-sklaven-lady-dekadenz-hoerbuch","title":{"rendered":"Onanierbefehl f\u00fcr Sklaven &#8211; Lady Dekadenz (H\u00f6rbuch)"},"content":{"rendered":"<p>Dieses H\u00f6rbuch wurde dazu geschaffen, M\u00e4nnern im Allgemeinen und Sklaven im Besonderen zu zeigen, wo ihr Platz ist. Lady Dekadenz nutzt Eure Triebe und lacht \u00fcber Euch.<\/p>\n<p>Es handelt sich um eine mp3-Datei zum Download.<\/p>\n<p>Dauer ca. 9,4 Minuten<\/p>\n","protected":false},"excerpt":{"rendered":"<p>Onanierbefehl f\u00fcr Sklaven &#8211; Lady Dekadenz (H\u00f6rbuch)<\/p>\n","protected":false},"featured_media":205,"template":"","meta":[],"product_cat":[32,34],"product_tag":[],"class_list":{"0":"post-227","1":"product","2":"type-product","3":"status-publish","4":"has-post-thumbnail","6":"product_cat-hoerbuecher-bdsm","7":"product_cat-lady-dekadenz","10":"first","11":"instock","12":"downloadable","13":"taxable","14":"shipping-taxable","15":"purchasable","16":"product-type-simple"},"aioseo_notices":[],"_links":{"self":[{"href":"https:\/\/bdsm-download.de\/index.php?rest_route=\/wp\/v2\/product\/227","targetHints":{"allow":["GET"]}}],"collection":[{"href":"https:\/\/bdsm-download.de\/index.php?rest_route=\/wp\/v2\/product"}],"about":[{"href":"https:\/\/bdsm-download.de\/index.php?rest_route=\/wp\/v2\/types\/product"}],"wp:featuredmedia":[{"embeddable":true,"href":"https:\/\/bdsm-download.de\/index.php?rest_route=\/wp\/v2\/media\/205"}],"wp:attachment":[{"href":"https:\/\/bdsm-download.de\/index.php?rest_route=%2Fwp%2Fv2%2Fmedia&parent=227"}],"wp:term":[{"taxonomy":"product_cat","embeddable":true,"href":"https:\/\/bdsm-download.de\/index.php?rest_route=%2Fwp%2Fv2%2Fproduct_cat&post=227"},{"taxonomy":"product_tag","embeddable":true,"href":"https:\/\/bdsm-download.de\/index.php?rest_route=%2Fwp%2Fv2%2Fproduct_tag&post=227"}],"curies":[{"name":"wp","href":"https:\/\/api.w.org\/{rel}","templated":true}]}}