{"id":232,"date":"2019-12-12T16:18:35","date_gmt":"2019-12-12T15:18:35","guid":{"rendered":"https:\/\/bdsm-download.de\/?post_type=product&#038;p=232"},"modified":"2024-06-20T10:49:54","modified_gmt":"2024-06-20T08:49:54","slug":"die-fuesse-der-lady-lady-dekadenz-hoerbuch","status":"publish","type":"product","link":"https:\/\/bdsm-download.de\/?product=die-fuesse-der-lady-lady-dekadenz-hoerbuch","title":{"rendered":"Die F\u00fc\u00dfe der Lady &#8211; Lady Dekadenz (H\u00f6rbuch)"},"content":{"rendered":"<p>F\u00fc\u00dfe und Schuhe haben eine besondere Anziehung auf Sklaven.<\/p>\n<p>Dazu einmal eine Situation aus Sicht der Lady:<\/p>\n<p><em>&#8222;Der Sklave kniet vor mir, man sp\u00fcrt seine Furcht und seinen Respekt, er kauert dort, die H\u00e4nde auf dem R\u00fccken zusammengeschlossen, und seine Augen sind verbunden.<br \/>\nIch lasse dieses Bild einen Moment auf mich wirken, ehe ich ihm befehle, &#8230;&#8220;<\/em><\/p>\n<p>Es handelt sich um eine mp3-Datei zum Download.<\/p>\n<p>Dauer ca. 7 Minuten<\/p>\n","protected":false},"excerpt":{"rendered":"<p>Die F\u00fc\u00dfe der Lady &#8211; Lady Dekadenz (H\u00f6rbuch)<\/p>\n","protected":false},"featured_media":185,"template":"","meta":[],"product_cat":[32,34],"product_tag":[],"class_list":{"0":"post-232","1":"product","2":"type-product","3":"status-publish","4":"has-post-thumbnail","6":"product_cat-hoerbuecher-bdsm","7":"product_cat-lady-dekadenz","10":"first","11":"instock","12":"downloadable","13":"taxable","14":"shipping-taxable","15":"purchasable","16":"product-type-simple"},"aioseo_notices":[],"_links":{"self":[{"href":"https:\/\/bdsm-download.de\/index.php?rest_route=\/wp\/v2\/product\/232","targetHints":{"allow":["GET"]}}],"collection":[{"href":"https:\/\/bdsm-download.de\/index.php?rest_route=\/wp\/v2\/product"}],"about":[{"href":"https:\/\/bdsm-download.de\/index.php?rest_route=\/wp\/v2\/types\/product"}],"wp:featuredmedia":[{"embeddable":true,"href":"https:\/\/bdsm-download.de\/index.php?rest_route=\/wp\/v2\/media\/185"}],"wp:attachment":[{"href":"https:\/\/bdsm-download.de\/index.php?rest_route=%2Fwp%2Fv2%2Fmedia&parent=232"}],"wp:term":[{"taxonomy":"product_cat","embeddable":true,"href":"https:\/\/bdsm-download.de\/index.php?rest_route=%2Fwp%2Fv2%2Fproduct_cat&post=232"},{"taxonomy":"product_tag","embeddable":true,"href":"https:\/\/bdsm-download.de\/index.php?rest_route=%2Fwp%2Fv2%2Fproduct_tag&post=232"}],"curies":[{"name":"wp","href":"https:\/\/api.w.org\/{rel}","templated":true}]}}