{"id":236,"date":"2019-12-12T16:31:12","date_gmt":"2019-12-12T15:31:12","guid":{"rendered":"https:\/\/bdsm-download.de\/?post_type=product&#038;p=236"},"modified":"2024-06-20T10:49:54","modified_gmt":"2024-06-20T08:49:54","slug":"die-sklavin-der-lady-lady-dekadenz-hoerbuch","status":"publish","type":"product","link":"https:\/\/bdsm-download.de\/?product=die-sklavin-der-lady-lady-dekadenz-hoerbuch","title":{"rendered":"Die Sklavin der Lady &#8211; Lady Dekadenz (H\u00f6rbuch)"},"content":{"rendered":"<p>Es handelt sich um eine BDSM-Story, von Lady Dekadenz selbst verfasst!<\/p>\n<p><em>&#8222;Der Gedanke daran, welch wunderbares Szenario ich mir f\u00fcr meine neue Sklavin ausgedacht habe, l\u00e4sst mich l\u00e4cheln.<br \/>\nSie ist heute zum dritten Mal in meinem Haus.<br \/>\nBeim letzten Mal erz\u00e4hlte sie mir&#8230;&#8220;<\/em><\/p>\n<p>Es handelt sich um eine mp3-Datei zum Download.<\/p>\n<p>Dauer ca. 16 Minuten<\/p>\n","protected":false},"excerpt":{"rendered":"<p>Die Sklavin der Lady &#8211; Lady Dekadenz (H\u00f6rbuch)<\/p>\n","protected":false},"featured_media":206,"template":"","meta":[],"product_cat":[32,34],"product_tag":[],"class_list":{"0":"post-236","1":"product","2":"type-product","3":"status-publish","4":"has-post-thumbnail","6":"product_cat-hoerbuecher-bdsm","7":"product_cat-lady-dekadenz","10":"first","11":"instock","12":"downloadable","13":"taxable","14":"shipping-taxable","15":"purchasable","16":"product-type-simple"},"aioseo_notices":[],"_links":{"self":[{"href":"https:\/\/bdsm-download.de\/index.php?rest_route=\/wp\/v2\/product\/236","targetHints":{"allow":["GET"]}}],"collection":[{"href":"https:\/\/bdsm-download.de\/index.php?rest_route=\/wp\/v2\/product"}],"about":[{"href":"https:\/\/bdsm-download.de\/index.php?rest_route=\/wp\/v2\/types\/product"}],"wp:featuredmedia":[{"embeddable":true,"href":"https:\/\/bdsm-download.de\/index.php?rest_route=\/wp\/v2\/media\/206"}],"wp:attachment":[{"href":"https:\/\/bdsm-download.de\/index.php?rest_route=%2Fwp%2Fv2%2Fmedia&parent=236"}],"wp:term":[{"taxonomy":"product_cat","embeddable":true,"href":"https:\/\/bdsm-download.de\/index.php?rest_route=%2Fwp%2Fv2%2Fproduct_cat&post=236"},{"taxonomy":"product_tag","embeddable":true,"href":"https:\/\/bdsm-download.de\/index.php?rest_route=%2Fwp%2Fv2%2Fproduct_tag&post=236"}],"curies":[{"name":"wp","href":"https:\/\/api.w.org\/{rel}","templated":true}]}}