{"id":263,"date":"2019-12-17T15:43:07","date_gmt":"2019-12-17T14:43:07","guid":{"rendered":"https:\/\/bdsm-download.de\/?post_type=product&#038;p=263"},"modified":"2024-06-20T10:49:54","modified_gmt":"2024-06-20T08:49:54","slug":"die-verhaftung-lady-hermina-hoerbuch","status":"publish","type":"product","link":"https:\/\/bdsm-download.de\/?product=die-verhaftung-lady-hermina-hoerbuch","title":{"rendered":"Die Verhaftung &#8211; Lady Hermina (H\u00f6rbuch)"},"content":{"rendered":"<p>Lady Hermina erz\u00e4hlt Dir davon wie sie mitten im DUnkel der Gro\u00dfstadt mit Gewalt einen Mann in einem Lokal verhaftet.<\/p>\n<p>Es handelt sich um eine mp3-Datei zum Download.<\/p>\n<p>Dauer ca. 8,3 Minuten<\/p>\n","protected":false},"excerpt":{"rendered":"<p>Die Verhaftung &#8211; Lady Hermina (H\u00f6rbuch)<\/p>\n","protected":false},"featured_media":210,"template":"","meta":[],"product_cat":[32,35],"product_tag":[],"class_list":{"0":"post-263","1":"product","2":"type-product","3":"status-publish","4":"has-post-thumbnail","6":"product_cat-hoerbuecher-bdsm","7":"product_cat-lady-hermina","10":"first","11":"instock","12":"downloadable","13":"taxable","14":"shipping-taxable","15":"purchasable","16":"product-type-simple"},"aioseo_notices":[],"_links":{"self":[{"href":"https:\/\/bdsm-download.de\/index.php?rest_route=\/wp\/v2\/product\/263","targetHints":{"allow":["GET"]}}],"collection":[{"href":"https:\/\/bdsm-download.de\/index.php?rest_route=\/wp\/v2\/product"}],"about":[{"href":"https:\/\/bdsm-download.de\/index.php?rest_route=\/wp\/v2\/types\/product"}],"wp:featuredmedia":[{"embeddable":true,"href":"https:\/\/bdsm-download.de\/index.php?rest_route=\/wp\/v2\/media\/210"}],"wp:attachment":[{"href":"https:\/\/bdsm-download.de\/index.php?rest_route=%2Fwp%2Fv2%2Fmedia&parent=263"}],"wp:term":[{"taxonomy":"product_cat","embeddable":true,"href":"https:\/\/bdsm-download.de\/index.php?rest_route=%2Fwp%2Fv2%2Fproduct_cat&post=263"},{"taxonomy":"product_tag","embeddable":true,"href":"https:\/\/bdsm-download.de\/index.php?rest_route=%2Fwp%2Fv2%2Fproduct_tag&post=263"}],"curies":[{"name":"wp","href":"https:\/\/api.w.org\/{rel}","templated":true}]}}