{"id":271,"date":"2019-12-17T16:10:23","date_gmt":"2019-12-17T15:10:23","guid":{"rendered":"https:\/\/bdsm-download.de\/?post_type=product&#038;p=271"},"modified":"2024-06-20T10:50:58","modified_gmt":"2024-06-20T08:50:58","slug":"auf-dem-gynaekologischen-stuhl-sklavin-marlene-hoerbuch","status":"publish","type":"product","link":"https:\/\/bdsm-download.de\/?product=auf-dem-gynaekologischen-stuhl-sklavin-marlene-hoerbuch","title":{"rendered":"Auf dem gyn\u00e4kologischen Stuhl &#8211; Sklavin Marlene (H\u00f6rbuch)"},"content":{"rendered":"<p>Sklavin Marlene wird von ihrer Herrin auf dem gyn\u00e4kologischen Stuhl behandelt.<\/p>\n<p>Es handelt sich um eine mp3-Datei zum Download.<\/p>\n<p>Dauer ca. 5 Minuten<\/p>\n","protected":false},"excerpt":{"rendered":"<p>Auf dem gyn\u00e4kologischen Stuhl &#8211; Sklavin Marlene (H\u00f6rbuch)<\/p>\n","protected":false},"featured_media":217,"template":"","meta":[],"product_cat":[32,37],"product_tag":[],"class_list":{"0":"post-271","1":"product","2":"type-product","3":"status-publish","4":"has-post-thumbnail","6":"product_cat-hoerbuecher-bdsm","7":"product_cat-sklavin-marlene","10":"first","11":"instock","12":"downloadable","13":"taxable","14":"shipping-taxable","15":"purchasable","16":"product-type-simple"},"aioseo_notices":[],"_links":{"self":[{"href":"https:\/\/bdsm-download.de\/index.php?rest_route=\/wp\/v2\/product\/271","targetHints":{"allow":["GET"]}}],"collection":[{"href":"https:\/\/bdsm-download.de\/index.php?rest_route=\/wp\/v2\/product"}],"about":[{"href":"https:\/\/bdsm-download.de\/index.php?rest_route=\/wp\/v2\/types\/product"}],"wp:featuredmedia":[{"embeddable":true,"href":"https:\/\/bdsm-download.de\/index.php?rest_route=\/wp\/v2\/media\/217"}],"wp:attachment":[{"href":"https:\/\/bdsm-download.de\/index.php?rest_route=%2Fwp%2Fv2%2Fmedia&parent=271"}],"wp:term":[{"taxonomy":"product_cat","embeddable":true,"href":"https:\/\/bdsm-download.de\/index.php?rest_route=%2Fwp%2Fv2%2Fproduct_cat&post=271"},{"taxonomy":"product_tag","embeddable":true,"href":"https:\/\/bdsm-download.de\/index.php?rest_route=%2Fwp%2Fv2%2Fproduct_tag&post=271"}],"curies":[{"name":"wp","href":"https:\/\/api.w.org\/{rel}","templated":true}]}}