{"id":273,"date":"2019-12-17T16:16:46","date_gmt":"2019-12-17T15:16:46","guid":{"rendered":"https:\/\/bdsm-download.de\/?post_type=product&#038;p=273"},"modified":"2024-06-20T10:50:58","modified_gmt":"2024-06-20T08:50:58","slug":"mein-werdegang-als-lehrerin-switcherin-julia-hoerbuch","status":"publish","type":"product","link":"https:\/\/bdsm-download.de\/?product=mein-werdegang-als-lehrerin-switcherin-julia-hoerbuch","title":{"rendered":"Mein Werdegang als Lehrerin &#8211; Switcherin Julia (H\u00f6rbuch)"},"content":{"rendered":"<p>Switcherin Julia erz\u00e4hlt von ihren Anf\u00e4ngen und Erlebnissen als Lehrerin.<\/p>\n<p>Es handelt sich um eine mp3-Datei zum Download.<\/p>\n<p>Dauer ca. 10 Minuten<\/p>\n","protected":false},"excerpt":{"rendered":"<p>Mein Werdegang als Lehrerin &#8211; Switcherin Julia (H\u00f6rbuch)<\/p>\n","protected":false},"featured_media":274,"template":"","meta":[],"product_cat":[32,40],"product_tag":[],"class_list":{"0":"post-273","1":"product","2":"type-product","3":"status-publish","4":"has-post-thumbnail","6":"product_cat-hoerbuecher-bdsm","7":"product_cat-switcherin-julia","10":"first","11":"instock","12":"downloadable","13":"taxable","14":"shipping-taxable","15":"purchasable","16":"product-type-simple"},"aioseo_notices":[],"_links":{"self":[{"href":"https:\/\/bdsm-download.de\/index.php?rest_route=\/wp\/v2\/product\/273","targetHints":{"allow":["GET"]}}],"collection":[{"href":"https:\/\/bdsm-download.de\/index.php?rest_route=\/wp\/v2\/product"}],"about":[{"href":"https:\/\/bdsm-download.de\/index.php?rest_route=\/wp\/v2\/types\/product"}],"wp:featuredmedia":[{"embeddable":true,"href":"https:\/\/bdsm-download.de\/index.php?rest_route=\/wp\/v2\/media\/274"}],"wp:attachment":[{"href":"https:\/\/bdsm-download.de\/index.php?rest_route=%2Fwp%2Fv2%2Fmedia&parent=273"}],"wp:term":[{"taxonomy":"product_cat","embeddable":true,"href":"https:\/\/bdsm-download.de\/index.php?rest_route=%2Fwp%2Fv2%2Fproduct_cat&post=273"},{"taxonomy":"product_tag","embeddable":true,"href":"https:\/\/bdsm-download.de\/index.php?rest_route=%2Fwp%2Fv2%2Fproduct_tag&post=273"}],"curies":[{"name":"wp","href":"https:\/\/api.w.org\/{rel}","templated":true}]}}